{"id":546,"date":"2025-04-12T12:34:39","date_gmt":"2025-04-12T10:34:39","guid":{"rendered":"https:\/\/www.sanatorium-mariot.cz\/vielen-dank-fuer-ihre-nachricht\/"},"modified":"2025-04-15T20:15:48","modified_gmt":"2025-04-15T18:15:48","slug":"danke","status":"publish","type":"page","link":"https:\/\/www.sanatorium-mariot.cz\/de\/danke\/","title":{"rendered":"Vielen Dank f\u00fcr Ihre Nachricht!"},"content":{"rendered":"<p>Ihr Formular wurde erfolgreich abgeschickt. Wir werden Sie so schnell wie m\u00f6glich \u00fcber die Einzelheiten informieren. Wir freuen uns \u00fcber Ihr Interesse und sind froh, dass Sie mit uns Kontakt aufgenommen haben.<\/p>\n","protected":false},"excerpt":{"rendered":"<p>Ihr Formular wurde erfolgreich abgeschickt. Wir werden Sie so schnell wie m\u00f6glich \u00fcber die Einzelheiten informieren. Wir freuen [&hellip;]<\/p>\n","protected":false},"author":1,"featured_media":0,"parent":0,"menu_order":0,"comment_status":"closed","ping_status":"closed","template":"templates\/typ.php","meta":{"_acf_changed":false,"footnotes":""},"class_list":["post-546","page","type-page","status-publish","hentry"],"acf":[],"yoast_head":"<!-- This site is optimized with the Yoast SEO plugin v27.3 - https:\/\/yoast.com\/product\/yoast-seo-wordpress\/ -->\n<title>Vielen Dank f\u00fcr Ihre Nachricht! | Sanatorium Mariot ****<\/title>\n<meta name=\"robots\" content=\"index, follow, max-snippet:-1, max-image-preview:large, max-video-preview:-1\" \/>\n<link rel=\"canonical\" href=\"https:\/\/www.sanatorium-mariot.cz\/de\/danke\/\" \/>\n<meta property=\"og:locale\" content=\"de_DE\" \/>\n<meta property=\"og:type\" content=\"article\" \/>\n<meta property=\"og:title\" content=\"Vielen Dank f\u00fcr Ihre Nachricht! | Sanatorium Mariot ****\" \/>\n<meta property=\"og:description\" content=\"Ihr Formular wurde erfolgreich abgeschickt. Wir werden Sie so schnell wie m\u00f6glich \u00fcber die Einzelheiten informieren. Wir freuen [&hellip;]\" \/>\n<meta property=\"og:url\" content=\"https:\/\/www.sanatorium-mariot.cz\/de\/danke\/\" \/>\n<meta property=\"og:site_name\" content=\"Sanatorium Mariot ****\" \/>\n<meta property=\"article:modified_time\" content=\"2025-04-15T18:15:48+00:00\" \/>\n<meta name=\"twitter:card\" content=\"summary_large_image\" \/>\n<meta name=\"twitter:label1\" content=\"Gesch\u00e4tzte Lesezeit\" \/>\n\t<meta name=\"twitter:data1\" content=\"1\u00a0Minute\" \/>\n<script type=\"application\/ld+json\" class=\"yoast-schema-graph\">{\"@context\":\"https:\\\/\\\/schema.org\",\"@graph\":[{\"@type\":\"WebPage\",\"@id\":\"https:\\\/\\\/www.sanatorium-mariot.cz\\\/de\\\/danke\\\/\",\"url\":\"https:\\\/\\\/www.sanatorium-mariot.cz\\\/de\\\/danke\\\/\",\"name\":\"Vielen Dank f\u00fcr Ihre Nachricht! | Sanatorium Mariot ****\",\"isPartOf\":{\"@id\":\"https:\\\/\\\/www.sanatorium-mariot.cz\\\/de\\\/#website\"},\"datePublished\":\"2025-04-12T10:34:39+00:00\",\"dateModified\":\"2025-04-15T18:15:48+00:00\",\"breadcrumb\":{\"@id\":\"https:\\\/\\\/www.sanatorium-mariot.cz\\\/de\\\/danke\\\/#breadcrumb\"},\"inLanguage\":\"de\",\"potentialAction\":[{\"@type\":\"ReadAction\",\"target\":[\"https:\\\/\\\/www.sanatorium-mariot.cz\\\/de\\\/danke\\\/\"]}]},{\"@type\":\"BreadcrumbList\",\"@id\":\"https:\\\/\\\/www.sanatorium-mariot.cz\\\/de\\\/danke\\\/#breadcrumb\",\"itemListElement\":[{\"@type\":\"ListItem\",\"position\":1,\"name\":\"Dom\u016f\",\"item\":\"https:\\\/\\\/www.sanatorium-mariot.cz\\\/de\\\/\"},{\"@type\":\"ListItem\",\"position\":2,\"name\":\"Vielen Dank f\u00fcr Ihre Nachricht!\"}]},{\"@type\":\"WebSite\",\"@id\":\"https:\\\/\\\/www.sanatorium-mariot.cz\\\/de\\\/#website\",\"url\":\"https:\\\/\\\/www.sanatorium-mariot.cz\\\/de\\\/\",\"name\":\"Sanatorium Mariot ****\",\"description\":\"\",\"potentialAction\":[{\"@type\":\"SearchAction\",\"target\":{\"@type\":\"EntryPoint\",\"urlTemplate\":\"https:\\\/\\\/www.sanatorium-mariot.cz\\\/de\\\/?s={search_term_string}\"},\"query-input\":{\"@type\":\"PropertyValueSpecification\",\"valueRequired\":true,\"valueName\":\"search_term_string\"}}],\"inLanguage\":\"de\"}]}<\/script>\n<!-- \/ Yoast SEO plugin. -->","yoast_head_json":{"title":"Vielen Dank f\u00fcr Ihre Nachricht! | Sanatorium Mariot ****","robots":{"index":"index","follow":"follow","max-snippet":"max-snippet:-1","max-image-preview":"max-image-preview:large","max-video-preview":"max-video-preview:-1"},"canonical":"https:\/\/www.sanatorium-mariot.cz\/de\/danke\/","og_locale":"de_DE","og_type":"article","og_title":"Vielen Dank f\u00fcr Ihre Nachricht! | Sanatorium Mariot ****","og_description":"Ihr Formular wurde erfolgreich abgeschickt. Wir werden Sie so schnell wie m\u00f6glich \u00fcber die Einzelheiten informieren. Wir freuen [&hellip;]","og_url":"https:\/\/www.sanatorium-mariot.cz\/de\/danke\/","og_site_name":"Sanatorium Mariot ****","article_modified_time":"2025-04-15T18:15:48+00:00","twitter_card":"summary_large_image","twitter_misc":{"Gesch\u00e4tzte Lesezeit":"1\u00a0Minute"},"schema":{"@context":"https:\/\/schema.org","@graph":[{"@type":"WebPage","@id":"https:\/\/www.sanatorium-mariot.cz\/de\/danke\/","url":"https:\/\/www.sanatorium-mariot.cz\/de\/danke\/","name":"Vielen Dank f\u00fcr Ihre Nachricht! | Sanatorium Mariot ****","isPartOf":{"@id":"https:\/\/www.sanatorium-mariot.cz\/de\/#website"},"datePublished":"2025-04-12T10:34:39+00:00","dateModified":"2025-04-15T18:15:48+00:00","breadcrumb":{"@id":"https:\/\/www.sanatorium-mariot.cz\/de\/danke\/#breadcrumb"},"inLanguage":"de","potentialAction":[{"@type":"ReadAction","target":["https:\/\/www.sanatorium-mariot.cz\/de\/danke\/"]}]},{"@type":"BreadcrumbList","@id":"https:\/\/www.sanatorium-mariot.cz\/de\/danke\/#breadcrumb","itemListElement":[{"@type":"ListItem","position":1,"name":"Dom\u016f","item":"https:\/\/www.sanatorium-mariot.cz\/de\/"},{"@type":"ListItem","position":2,"name":"Vielen Dank f\u00fcr Ihre Nachricht!"}]},{"@type":"WebSite","@id":"https:\/\/www.sanatorium-mariot.cz\/de\/#website","url":"https:\/\/www.sanatorium-mariot.cz\/de\/","name":"Sanatorium Mariot ****","description":"","potentialAction":[{"@type":"SearchAction","target":{"@type":"EntryPoint","urlTemplate":"https:\/\/www.sanatorium-mariot.cz\/de\/?s={search_term_string}"},"query-input":{"@type":"PropertyValueSpecification","valueRequired":true,"valueName":"search_term_string"}}],"inLanguage":"de"}]}},"_links":{"self":[{"href":"https:\/\/www.sanatorium-mariot.cz\/de\/wp-json\/wp\/v2\/pages\/546","targetHints":{"allow":["GET"]}}],"collection":[{"href":"https:\/\/www.sanatorium-mariot.cz\/de\/wp-json\/wp\/v2\/pages"}],"about":[{"href":"https:\/\/www.sanatorium-mariot.cz\/de\/wp-json\/wp\/v2\/types\/page"}],"author":[{"embeddable":true,"href":"https:\/\/www.sanatorium-mariot.cz\/de\/wp-json\/wp\/v2\/users\/1"}],"replies":[{"embeddable":true,"href":"https:\/\/www.sanatorium-mariot.cz\/de\/wp-json\/wp\/v2\/comments?post=546"}],"version-history":[{"count":1,"href":"https:\/\/www.sanatorium-mariot.cz\/de\/wp-json\/wp\/v2\/pages\/546\/revisions"}],"predecessor-version":[{"id":553,"href":"https:\/\/www.sanatorium-mariot.cz\/de\/wp-json\/wp\/v2\/pages\/546\/revisions\/553"}],"wp:attachment":[{"href":"https:\/\/www.sanatorium-mariot.cz\/de\/wp-json\/wp\/v2\/media?parent=546"}],"curies":[{"name":"wp","href":"https:\/\/api.w.org\/{rel}","templated":true}]}}